{"id":69,"date":"2023-09-29T08:14:44","date_gmt":"2023-09-29T08:14:44","guid":{"rendered":"https:\/\/demo.bravisthemes.com\/gotranscom\/?page_id=69"},"modified":"2024-12-18T18:28:17","modified_gmt":"2024-12-18T17:28:17","slug":"somos","status":"publish","type":"page","link":"https:\/\/vanstrate.com\/rysa\/somos\/","title":{"rendered":"Somos"},"content":{"rendered":"\t\t<div data-elementor-type=\"wp-page\" data-elementor-id=\"69\" class=\"elementor elementor-69\">\n\t\t\t\t        <section class=\"elementor-section elementor-top-section elementor-element elementor-element-ba662fb elementor-section-stretched elementor-section-boxed elementor-section-height-default elementor-section-height-default pxl-row-scroll-none pxl-section-overflow-visible pxl-bg-color-none pxl-section-overlay-none\" data-id=\"ba662fb\" data-element_type=\"section\" data-settings=\"{&quot;stretch_section&quot;:&quot;section-stretched&quot;,&quot;background_background&quot;:&quot;classic&quot;}\">\n\n                \n                <div class=\"elementor-container elementor-column-gap-extended \">\n                <div class=\"elementor-column elementor-col-100 elementor-top-column elementor-element elementor-element-fca21d0 pxl-column-none pxl-column-overflow-hidden-no\" data-id=\"fca21d0\" data-element_type=\"column\">\r\n        <div class=\"elementor-widget-wrap elementor-element-populated\">\r\n                     \r\n                <section class=\"elementor-section elementor-inner-section elementor-element elementor-element-cc82f2b elementor-section-boxed elementor-section-height-default elementor-section-height-default pxl-row-scroll-none pxl-section-overflow-visible pxl-bg-color-none pxl-section-overlay-none\" data-id=\"cc82f2b\" data-element_type=\"section\">\n\n                \n                <div class=\"elementor-container elementor-column-gap-default \">\n                <div class=\"elementor-column elementor-col-50 elementor-inner-column elementor-element elementor-element-4a8a690 pxl-column-none pxl-column-overflow-hidden-no\" data-id=\"4a8a690\" data-element_type=\"column\">\r\n        <div class=\"elementor-widget-wrap elementor-element-populated\">\r\n                     \r\n        \t\t<div class=\"elementor-element elementor-element-bdce210 elementor-widget elementor-widget-pxl_heading\" data-id=\"bdce210\" data-element_type=\"widget\" data-widget_type=\"pxl_heading.default\">\n\t\t\t\t<div class=\"elementor-widget-container\">\n\t\t\t\t\t<div id=\"pxl-pxl_heading-bdce210-3541\" class=\"pxl-heading pxl-heading--tcustom px-sub-title-box-style\">\n\t<div class=\"pxl-heading--inner\">\n\t\t\t\t\n\t\t<div class=\"pxl-item--subtitle px-sub-title-box \" data-wow-delay=\"ms\">\n\t\t\t<span class=\"pxl-item--subtext\">\n\t\t\t\t\t\t\t\tR\u00e1pido Yguaz\u00fa S.A.\t\t\t<\/span>\n\t\t<\/div>\n\t\t\n\t<h3 class=\"pxl-item--title \" data-wow-delay=\"ms\">\n\tConectando Paraguay con Confianza y Experiencia\t\t\t\n\t<\/h3>\n\t\n<\/div>\n<\/div>\t\t\t\t<\/div>\n\t\t\t\t<\/div>\n\t\t            <\/div>\r\n        <\/div>\r\n                <div class=\"elementor-column elementor-col-50 elementor-inner-column elementor-element elementor-element-d9b4d7b pxl-column-none pxl-column-overflow-hidden-no\" data-id=\"d9b4d7b\" data-element_type=\"column\">\r\n        <div class=\"elementor-widget-wrap elementor-element-populated\">\r\n                     \r\n        \t\t<div class=\"elementor-element elementor-element-a9b2723 elementor-widget elementor-widget-pxl_text_editor\" data-id=\"a9b2723\" data-element_type=\"widget\" data-widget_type=\"pxl_text_editor.default\">\n\t\t\t\t<div class=\"elementor-widget-container\">\n\t\t\t\t\t<div class=\"pxl-text-editor\">\n\t<div class=\"pxl-item--inner \" data-wow-delay=\"ms\">\n\t\t<p>Con m\u00e1s de 75 a\u00f1os de trayectoria en el pa\u00eds, R\u00e1pido Yguaz\u00fa S.A. se ha consolidado como l\u00edder en servicios de encomiendas. Nuestra red eficiente conecta todas las ciudades de Paraguay, garantizando entregas seguras y puntuales.<\/p><p>Conf\u00eda en nuestra experiencia para tus env\u00edos, respaldada por d\u00e9cadas de compromiso con la calidad y la satisfacci\u00f3n del cliente. Ya sea a nivel personal o empresarial, R\u00e1pido Yguaz\u00fa S.A. est\u00e1 aqu\u00ed para ofrecer soluciones confiables que exceden tus expectativas.<\/p>\t\t\n\t<\/div>\n<\/div>\t\t\t\t<\/div>\n\t\t\t\t<\/div>\n\t\t            <\/div>\r\n        <\/div>\r\n        \t\t\t<\/div>\n\t\t<\/section>\n\t\t\t\t<div class=\"elementor-element elementor-element-0008cf1 elementor-widget elementor-widget-pxl_image\" data-id=\"0008cf1\" data-element_type=\"widget\" data-widget_type=\"pxl_image.default\">\n\t\t\t\t<div class=\"elementor-widget-container\">\n\t\t\t\t\t<div id=\"pxl_image-0008cf1-8631\" class=\"pxl-image-single  style-default \" data-wow-delay=\"ms\" >\r\n    <div class=\"pxl-item--inner \" data-wow-delay=\"120ms\">\r\n        \r\n                                <div class=\"pxl-item--image\" data-parallax-value=\"\">\r\n                                                    <img fetchpriority=\"high\" decoding=\"async\" width=\"2560\" height=\"1462\" src=\"https:\/\/vanstrate.com\/rysa\/wp-content\/uploads\/2024\/12\/casacentals-scaled.jpg\" class=\"no-lazyload attachment-full\" alt=\"\" \/>                                            <\/div>\r\n                            \r\n            <\/div>\r\n<\/div>\t\t\t\t<\/div>\n\t\t\t\t<\/div>\n\t\t            <\/div>\r\n        <\/div>\r\n        \t\t\t<\/div>\n\t\t<\/section>\n\t\t        <section class=\"elementor-section elementor-top-section elementor-element elementor-element-f3200c8 elementor-section-stretched elementor-section-boxed elementor-section-height-default elementor-section-height-default pxl-row-scroll-none pxl-section-overflow-visible pxl-bg-color-none pxl-section-overlay-none\" data-id=\"f3200c8\" data-element_type=\"section\" data-settings=\"{&quot;stretch_section&quot;:&quot;section-stretched&quot;}\">\n\n                \n                <div class=\"elementor-container elementor-column-gap-extended \">\n                <div class=\"elementor-column elementor-col-100 elementor-top-column elementor-element elementor-element-67b0432 pxl-column-none pxl-column-overflow-hidden-no\" data-id=\"67b0432\" data-element_type=\"column\" data-settings=\"{&quot;background_background&quot;:&quot;classic&quot;}\">\r\n        <div class=\"elementor-widget-wrap elementor-element-populated\">\r\n                     \r\n        \t\t<div class=\"elementor-element elementor-element-20e914d elementor-widget elementor-widget-pxl_counter\" data-id=\"20e914d\" data-element_type=\"widget\" data-widget_type=\"pxl_counter.default\">\n\t\t\t\t<div class=\"elementor-widget-container\">\n\t\t\t\t\t<div class=\"pxl-counter pxl-counter1 style-1 \" data-wow-delay=\"ms\">\r\n    <div class=\"pxl--item-inner\">\r\n                        <div class=\"pxl--counter-meta\">\r\n            <div class=\"pxl--counter-number\">\r\n                <span class=\"pxl--counter-prefix el-empty\"><\/span>\r\n                <span class=\"pxl--counter-value effect-default\" data-duration=\"2000\" data-startnumber=\"1\" data-endnumber=\"75\" data-to-value=\"75\" data-delimiter=\"\">1<\/span>\r\n                                    <span class=\"pxl--counter-suffix\"> +<\/span>\r\n                            <\/div>\r\n                            <div class=\"pxl--item-title\">a\u00f1os de experiencia en env\u00edos<\/div>\r\n                    <\/div>\r\n    <\/div>\r\n<\/div>\t\t\t\t<\/div>\n\t\t\t\t<\/div>\n\t\t            <\/div>\r\n        <\/div>\r\n        \t\t\t<\/div>\n\t\t<\/section>\n\t\t        <section class=\"elementor-section elementor-top-section elementor-element elementor-element-e8286e7 elementor-section-stretched elementor-section-boxed elementor-section-height-default elementor-section-height-default pxl-row-scroll-none pxl-section-overflow-visible pxl-bg-color-none pxl-section-overlay-none\" data-id=\"e8286e7\" data-element_type=\"section\" data-settings=\"{&quot;stretch_section&quot;:&quot;section-stretched&quot;}\">\n\n                \n                <div class=\"elementor-container elementor-column-gap-default \">\n                <div class=\"elementor-column elementor-col-100 elementor-top-column elementor-element elementor-element-0cd6a17 pxl-column-none pxl-column-overflow-hidden-no\" data-id=\"0cd6a17\" data-element_type=\"column\" data-settings=\"{&quot;background_background&quot;:&quot;classic&quot;}\">\r\n        <div class=\"elementor-widget-wrap elementor-element-populated\">\r\n                     \r\n                <section class=\"elementor-section elementor-inner-section elementor-element elementor-element-44834a4 elementor-section-boxed elementor-section-height-default elementor-section-height-default pxl-row-scroll-none pxl-section-overflow-visible pxl-bg-color-none pxl-section-overlay-none\" data-id=\"44834a4\" data-element_type=\"section\">\n\n                \n                <div class=\"elementor-container elementor-column-gap-default \">\n                <div class=\"elementor-column elementor-col-100 elementor-inner-column elementor-element elementor-element-5218e8f pxl-column-none pxl-column-overflow-hidden-no\" data-id=\"5218e8f\" data-element_type=\"column\">\r\n        <div class=\"elementor-widget-wrap elementor-element-populated\">\r\n                     \r\n        \t\t<div class=\"elementor-element elementor-element-219ba06 elementor-widget-tablet_extra__width-initial elementor-widget-mobile__width-initial elementor-widget elementor-widget-pxl_heading\" data-id=\"219ba06\" data-element_type=\"widget\" data-widget_type=\"pxl_heading.default\">\n\t\t\t\t<div class=\"elementor-widget-container\">\n\t\t\t\t\t<div id=\"pxl-pxl_heading-219ba06-4960\" class=\"pxl-heading pxl-heading--tcustom px-sub-title-box-style\">\n\t<div class=\"pxl-heading--inner\">\n\t\t\t\t\t\n\t<h3 class=\"pxl-item--title \" data-wow-delay=\"ms\">\n\tTu soluci\u00f3n r\u00e1pida y confiable para env\u00edos\t\t\t\n\t<\/h3>\n\t\n<\/div>\n<\/div>\t\t\t\t<\/div>\n\t\t\t\t<\/div>\n\t\t\t\t<div class=\"elementor-element elementor-element-ba207d9 elementor-widget__width-auto elementor-absolute elementor-widget elementor-widget-pxl_icon_box\" data-id=\"ba207d9\" data-element_type=\"widget\" data-settings=\"{&quot;_position&quot;:&quot;absolute&quot;}\" data-widget_type=\"pxl_icon_box.default\">\n\t\t\t\t<div class=\"elementor-widget-container\">\n\t\t\t\t\t<div class=\"pxl-icon-box pxl-icon-box1 style-1 \" data-wow-delay=\"ms\">\r\n    <div class=\"pxl-item--inner\">\r\n                         <a class=\"box-link\" href=\"tel:+59521557201 \"><\/a>\r\n                                <div class=\"pxl-item--icon\">\r\n                <i aria-hidden=\"true\" class=\"flaticon flaticon-phone-3\"><\/i>            <\/div>\r\n                        <h5 class=\"pxl-item-title el-empty\">+595 21 557 201 <\/h5>\r\n    <\/div>\r\n<\/div>\t\t\t\t<\/div>\n\t\t\t\t<\/div>\n\t\t            <\/div>\r\n        <\/div>\r\n        \t\t\t<\/div>\n\t\t<\/section>\n\t\t\t\t<div class=\"elementor-element elementor-element-6f47d31 elementor-widget__width-initial elementor-widget-tablet_extra__width-initial elementor-widget-mobile__width-initial elementor-invisible elementor-widget elementor-widget-pxl_image\" data-id=\"6f47d31\" data-element_type=\"widget\" data-settings=\"{&quot;_animation&quot;:&quot;fadeInLeft&quot;}\" data-widget_type=\"pxl_image.default\">\n\t\t\t\t<div class=\"elementor-widget-container\">\n\t\t\t\t\t<div id=\"pxl_image-6f47d31-5647\" class=\"pxl-image-single  style-default \" data-wow-delay=\"ms\" >\r\n    <div class=\"pxl-item--inner \" data-wow-delay=\"120ms\">\r\n        \r\n                                <div class=\"pxl-item--image\" data-parallax-value=\"\">\r\n                                                    <img decoding=\"async\" width=\"1920\" height=\"1080\" src=\"https:\/\/vanstrate.com\/rysa\/wp-content\/uploads\/2024\/12\/hero.png\" class=\"no-lazyload attachment-full\" alt=\"\" \/>                                            <\/div>\r\n                            \r\n            <\/div>\r\n<\/div>\t\t\t\t<\/div>\n\t\t\t\t<\/div>\n\t\t            <\/div>\r\n        <\/div>\r\n        \t\t\t<\/div>\n\t\t<\/section>\n\t\t\t\t<\/div>\n\t\t","protected":false},"excerpt":{"rendered":"<p>R\u00e1pido Yguaz\u00fa S.A. Conectando Paraguay con Confianza y Experiencia Con m\u00e1s de 75 a\u00f1os de trayectoria en el pa\u00eds, R\u00e1pido Yguaz\u00fa S.A. se ha consolidado como l\u00edder en servicios de encomiendas. Nuestra red eficiente conecta todas las ciudades de Paraguay, garantizando entregas seguras y puntuales. Conf\u00eda en nuestra experiencia para tus env\u00edos, respaldada por d\u00e9cadas [&hellip;]<\/p>\n","protected":false},"author":1,"featured_media":0,"parent":0,"menu_order":0,"comment_status":"closed","ping_status":"closed","template":"","meta":{"footnotes":""},"class_list":["post-69","page","type-page","status-publish","hentry"],"_links":{"self":[{"href":"https:\/\/vanstrate.com\/rysa\/wp-json\/wp\/v2\/pages\/69","targetHints":{"allow":["GET"]}}],"collection":[{"href":"https:\/\/vanstrate.com\/rysa\/wp-json\/wp\/v2\/pages"}],"about":[{"href":"https:\/\/vanstrate.com\/rysa\/wp-json\/wp\/v2\/types\/page"}],"author":[{"embeddable":true,"href":"https:\/\/vanstrate.com\/rysa\/wp-json\/wp\/v2\/users\/1"}],"replies":[{"embeddable":true,"href":"https:\/\/vanstrate.com\/rysa\/wp-json\/wp\/v2\/comments?post=69"}],"version-history":[{"count":87,"href":"https:\/\/vanstrate.com\/rysa\/wp-json\/wp\/v2\/pages\/69\/revisions"}],"predecessor-version":[{"id":10772,"href":"https:\/\/vanstrate.com\/rysa\/wp-json\/wp\/v2\/pages\/69\/revisions\/10772"}],"wp:attachment":[{"href":"https:\/\/vanstrate.com\/rysa\/wp-json\/wp\/v2\/media?parent=69"}],"curies":[{"name":"wp","href":"https:\/\/api.w.org\/{rel}","templated":true}]}}